{"id":8,"date":"2022-11-09T17:59:43","date_gmt":"2022-11-09T17:59:43","guid":{"rendered":"https:\/\/rosana.kassamatsu.com.br\/mentoriark\/?page_id=8"},"modified":"2022-11-12T03:05:43","modified_gmt":"2022-11-12T03:05:43","slug":"lp-rk-mentoria","status":"publish","type":"page","link":"https:\/\/rosana.kassamatsu.com.br\/mentoriark\/lp-rk-mentoria\/","title":{"rendered":"LP &#8211; RK Mentoria"},"content":{"rendered":"<style>\/*! elementor - v3.8.0 - 30-10-2022 *\/\n.elementor-widget-image{text-align:center}.elementor-widget-image a{display:inline-block}.elementor-widget-image a img[src$=\".svg\"]{width:48px}.elementor-widget-image img{vertical-align:middle;display:inline-block}<\/style>\n<p>\t\t\t\t\t\t\t\t\t\t\t\t<img decoding=\"async\" width=\"150\" height=\"150\" src=\"https:\/\/rosana.kassamatsu.com.br\/mentoriark\/wp-content\/uploads\/2022\/11\/RK-logo-150x150.png\" alt=\"\" loading=\"lazy\" srcset=\"https:\/\/rosana.kassamatsu.com.br\/mentoriark\/wp-content\/uploads\/2022\/11\/RK-logo-150x150.png 150w, https:\/\/rosana.kassamatsu.com.br\/mentoriark\/wp-content\/uploads\/2022\/11\/RK-logo-300x300.png 300w, https:\/\/rosana.kassamatsu.com.br\/mentoriark\/wp-content\/uploads\/2022\/11\/RK-logo-1024x1024.png 1024w, https:\/\/rosana.kassamatsu.com.br\/mentoriark\/wp-content\/uploads\/2022\/11\/RK-logo-768x768.png 768w, https:\/\/rosana.kassamatsu.com.br\/mentoriark\/wp-content\/uploads\/2022\/11\/RK-logo.png 1080w\" sizes=\"auto, (max-width: 150px) 100vw, 150px\" \/>\t\t\t\t\t\t\t\t\t\t\t\t\t\t\t<\/p>\n<style>\/*! elementor - v3.8.0 - 30-10-2022 *\/\n.elementor-heading-title{padding:0;margin:0;line-height:1}.elementor-widget-heading .elementor-heading-title[class*=elementor-size-]>a{color:inherit;font-size:inherit;line-height:inherit}.elementor-widget-heading .elementor-heading-title.elementor-size-small{font-size:15px}.elementor-widget-heading .elementor-heading-title.elementor-size-medium{font-size:19px}.elementor-widget-heading .elementor-heading-title.elementor-size-large{font-size:29px}.elementor-widget-heading .elementor-heading-title.elementor-size-xl{font-size:39px}.elementor-widget-heading .elementor-heading-title.elementor-size-xxl{font-size:59px}<\/style>\n<h2>RK Mentoria Avan\u00e7ada<\/h2>\n<h2>Juntos vamos construir eventos que tragam lucro, constroem sua autoridade atrav\u00e9s de experi\u00eancias marcantes e conte\u00fados memor\u00e1veis.<\/h2>\n<p>\t\t\t<a href=\"#sobre\" role=\"button\"><br \/>\n\t\t\t\t\t\tSaiba mais!<br \/>\n\t\t\t\t\t<\/a><\/p>\n<style>\/*! elementor - v3.8.0 - 30-10-2022 *\/\n.elementor-column .elementor-spacer-inner{height:var(--spacer-size)}.e-con{--container-widget-width:100%}.e-con-inner>.elementor-widget-spacer,.e-con>.elementor-widget-spacer{width:var(--container-widget-width,var(--spacer-size));-ms-flex-item-align:stretch;align-self:stretch;-ms-flex-negative:0;flex-shrink:0}.e-con-inner>.elementor-widget-spacer>.elementor-widget-container,.e-con-inner>.elementor-widget-spacer>.elementor-widget-container>.elementor-spacer,.e-con>.elementor-widget-spacer>.elementor-widget-container,.e-con>.elementor-widget-spacer>.elementor-widget-container>.elementor-spacer{height:100%}.e-con-inner>.elementor-widget-spacer>.elementor-widget-container>.elementor-spacer>.elementor-spacer-inner,.e-con>.elementor-widget-spacer>.elementor-widget-container>.elementor-spacer>.elementor-spacer-inner{height:var(--container-widget-height,var(--spacer-size))}<\/style>\n<h2>O que \u00e9 a RK Mentoria Avan\u00e7ada?<\/h2>\n<h2>A primeira coisa que voc\u00ea precisa saber \u00e9: A RK Mentoria Avan\u00e7ada n\u00e3o \u00e9 um curso!<\/h2>\n<h2>\u00c9 como se eu fosse sua s\u00f3cia, s\u00f3 que a parte boa \u00e9 que voc\u00ea n\u00e3o vai me dar parte dos seus lucros. \u00c9 um programa de 6 meses onde voc\u00ea ter\u00e1 meu olhar, meus processos e meu c\u00e9rebro no seu neg\u00f3cio.<\/p>\n<p>Juntos, vamos expandir seu neg\u00f3cio de eventos e obter<br \/>\no lucro escondido que voc\u00ea est\u00e1 deixando na mesa.<\/p>\n<p>Vou te ajudar a realizar eventos impactantes, transformadores e que geram lucro, al\u00e9m de aumentar sua autoridade e fortalecer seu posicionamento, para voc\u00ea escalar ainda mais seus lucros e se aproximar ainda mais do seu p\u00fablico<br \/>\n<\/h2>\n<p>\t\t\t<a href=\"#sobre\" role=\"button\"><br \/>\n\t\t\t\t\t\tSaiba mais!<br \/>\n\t\t\t\t\t<\/a><\/p>\n<h1>A RK Mentoria Avan\u00e7ada \u00e9 para quem<\/h1>\n<h2><b>Lorem ipsum dolor sit amet, consectetur adipiscing elit. <\/b>Nullam semper nibh ut rutrum iaculis. Curabitur suscipit ullamcorper quam.<\/h2>\n<h2><b>Lorem ipsum dolor sit amet, consectetur adipiscing elit. <\/b>Nullam semper nibh ut rutrum iaculis. Curabitur suscipit ullamcorper quam, vitae vulputate leo imperdiet a.<br \/><\/h2>\n<h2><b>Lorem ipsum dolor sit amet, consectetur adipiscing elit. <\/b>Nullam semper nibh ut rutrum iaculis. Curabitur suscipit ullamcorper quam, vitae vulputate leo imperdiet a.<\/h2>\n<h1>A RK Mentoria Avan\u00e7ada n\u00e3o \u00e9 para quem<\/h1>\n<h2><b>Lorem ipsum dolor sit amet, consectetur adipiscing elit. <\/b>Nullam semper nibh ut rutrum iaculis. Curabitur suscipit ullamcorper quama.<\/h2>\n<h2><b>Lorem ipsum dolor sit amet, consectetur adipiscing elit. <\/b>Nullam semper nibh ut rutrum iaculis. Curabitur suscipit ullamcorper quam, vitae vulputate leo imperdiet a.<\/h2>\n<h2><b>Lorem ipsum dolor sit amet, consectetur adipiscing elit. <\/b>Nullam semper nibh ut rutrum iaculis. Curabitur suscipit ullamcorper quam, vitae vulputate leo imperdiet a.<\/h2>\n<h1>Quais os benef\u00edcios que voc\u00ea ter\u00e1 ao fazer parte da RK Mentoria Avan\u00e7ada<\/h1>\n<h2>Lorem ipsum dolor sit amet, consectetur adipiscing elit. <\/h2>\n<h2><b>Nullam semper nibh ut rutrum iaculis. <\/b><\/p>\n<p>Curabitur suscipit ullamcorper quam, vitae vulputate leo imperdiet a. Duis ultricies nunc quis libero consectetur tincidunt. Donec convallis est nec dui tempus, sit amet dignissim nunc aliquet. Nam eu ultricies massa. Vivamus eu diam at libero porttitor condimentum fringilla in tortor.<\/h2>\n<h2><b>Nullam semper nibh ut rutrum iaculis. <\/b><\/p>\n<p>Curabitur suscipit ullamcorper quam, vitae vulputate leo imperdiet a. Duis ultricies nunc quis libero consectetur tincidunt. Donec convallis est nec dui tempus, sit amet dignissim nunc aliquet. Nam eu ultricies massa. Vivamus eu diam at libero porttitor condimentum fringilla in tortor.<\/h2>\n<h2><b>Nullam semper nibh ut rutrum iaculis. <\/b><\/p>\n<p>Curabitur suscipit ullamcorper quam, vitae vulputate leo imperdiet a. Duis ultricies nunc quis libero consectetur tincidunt. Donec convallis est nec dui tempus, sit amet dignissim nunc aliquet. Nam eu ultricies massa. Vivamus eu diam at libero porttitor condimentum fringilla in tortor.<\/h2>\n<h2><b>Nullam semper nibh ut rutrum iaculis. <\/b><\/p>\n<p>Curabitur suscipit ullamcorper quam, vitae vulputate leo imperdiet a. Duis ultricies nunc quis libero consectetur tincidunt. Donec convallis est nec dui tempus, sit amet dignissim nunc aliquet. Nam eu ultricies massa. Vivamus eu diam at libero porttitor condimentum fringilla in tortor.<\/h2>\n<h2><b>Nullam semper nibh ut rutrum iaculis. <\/b><\/p>\n<p>Curabitur suscipit ullamcorper quam, vitae vulputate leo imperdiet a. Duis ultricies nunc quis libero consectetur tincidunt. Donec convallis est nec dui tempus, sit amet dignissim nunc aliquet. Nam eu ultricies massa. Vivamus eu diam at libero porttitor condimentum fringilla in tortor.<\/h2>\n<h2>Sobre a sua Mentora<br \/>\n<\/h2>\n<h2>Rosana Kassamatsu<br \/>\n<\/h2>\n<h2>Rosana Kassamatsu \u00e9 a \u00fanica mulher estrangeira que recebeu o pr\u00eamio de \u201cMelhor L\u00edder de Produ\u00e7\u00e3o\u201d na Sony Jap\u00e3o com menos de 20 anos de idade e sem forma\u00e7\u00e3o superior na \u00e1rea.<\/p>\n<p>Fundou a Imers\u00e3o Experience em 2016, primeira produtora de eventos focada em eventos de imers\u00e3o, que j\u00e1 atendeu grandes nomes do mercado nacional e internacional.<\/p>\n<p>J\u00e1 atuou em mais de 150 eventos de imers\u00e3o, atendeu mais de 200.000 pessoas e na entrega dos segmentos mais diversificados<br \/>\n&#8211; de advocacia, marketing digital, f\u00edsica qu\u00e2ntica a moda.<\/p>\n<p>Com ela voc\u00ea descobrir\u00e1 as estrat\u00e9gias certas para produzir eventos que geram lucro, proporcionam experi\u00eancias marcantes e contribuem para aumentar ainda mais sua autoridade.<\/h2>\n<p>\t\t\t<a href=\"#sobre\" role=\"button\"><br \/>\n\t\t\t\t\t\tSaiba mais!<br \/>\n\t\t\t\t\t<\/a><\/p>\n<h1>Clientes Atendidos:<\/h1>\n<style>\/*! elementor - v3.8.0 - 30-10-2022 *\/\n.elementor-widget-image-box .elementor-image-box-content{width:100%}@media (min-width:768px){.elementor-widget-image-box.elementor-position-left .elementor-image-box-wrapper,.elementor-widget-image-box.elementor-position-right .elementor-image-box-wrapper{display:-webkit-box;display:-ms-flexbox;display:flex}.elementor-widget-image-box.elementor-position-right .elementor-image-box-wrapper{text-align:right;-webkit-box-orient:horizontal;-webkit-box-direction:reverse;-ms-flex-direction:row-reverse;flex-direction:row-reverse}.elementor-widget-image-box.elementor-position-left .elementor-image-box-wrapper{text-align:left;-webkit-box-orient:horizontal;-webkit-box-direction:normal;-ms-flex-direction:row;flex-direction:row}.elementor-widget-image-box.elementor-position-top .elementor-image-box-img{margin:auto}.elementor-widget-image-box.elementor-vertical-align-top .elementor-image-box-wrapper{-webkit-box-align:start;-ms-flex-align:start;align-items:flex-start}.elementor-widget-image-box.elementor-vertical-align-middle .elementor-image-box-wrapper{-webkit-box-align:center;-ms-flex-align:center;align-items:center}.elementor-widget-image-box.elementor-vertical-align-bottom .elementor-image-box-wrapper{-webkit-box-align:end;-ms-flex-align:end;align-items:flex-end}}@media (max-width:767px){.elementor-widget-image-box .elementor-image-box-img{margin-left:auto!important;margin-right:auto!important;margin-bottom:15px}}.elementor-widget-image-box .elementor-image-box-img{display:inline-block}.elementor-widget-image-box .elementor-image-box-title a{color:inherit}.elementor-widget-image-box .elementor-image-box-wrapper{text-align:center}.elementor-widget-image-box .elementor-image-box-description{margin:0}<\/style>\n<figure><img decoding=\"async\" width=\"1080\" height=\"1035\" src=\"https:\/\/rosana.kassamatsu.com.br\/mentoriark\/wp-content\/uploads\/2022\/11\/Cliente-3.png\" alt=\"\" loading=\"lazy\" \/><\/figure>\n<h1>T. Haver Eker<\/h1>\n<p><b>Autor do best-seller &#8220;Segredos de uma Mente Milion\u00e1ria&#8221; <\/b><\/p>\n<p>Autor do livro \u201cSegredos de uma Mente Milion\u00e1ria\u201d, realizava eventos de imers\u00e3o<br \/>\nno Brasil e contava com a expertise na gest\u00e3o de pessoas e solu\u00e7\u00e3o r\u00e1pida de conflitos para aprimorar ainda mais a experi\u00eancia na entrega dos eventos<br \/>\nno Brasil.<\/p>\n<figure><img decoding=\"async\" width=\"1080\" height=\"1080\" src=\"https:\/\/rosana.kassamatsu.com.br\/mentoriark\/wp-content\/uploads\/2022\/11\/Nigro.png\" alt=\"\" loading=\"lazy\" \/><\/figure>\n<h3>Thiago Nigro (Primo Rico)<\/h3>\n<p><b>Autor do livro Do Mil ao Milh\u00e3o | YouTuber<\/b><\/p>\n<p>1\u00ba evento presencial realizado com 800 participantes, diversos palestrantes e fechando o evento com chave de ouro com sess\u00e3o de aut\u00f3grafo com todos os participantes presentes no evento.<\/p>\n<figure><img decoding=\"async\" width=\"1080\" height=\"1080\" src=\"https:\/\/rosana.kassamatsu.com.br\/mentoriark\/wp-content\/uploads\/2022\/11\/Elaine.png\" alt=\"\" loading=\"lazy\" \/><\/figure>\n<h3>Elainne Ourives<\/h3>\n<p><b>Autora de 3 Best-Sellers | Pesquisadora F\u00edsica Qu\u00e2ntica e Treinadora Mental | YouTuber<\/b><\/p>\n<p>Evento com 4000 participantes em uma casa de eventos renomada de S\u00e3o Paulo, com direito a sorteio de um carro importado. Gest\u00e3o de equipe operacional com mais de 100 pessoas sem perder o bom humor, assertividade e gerando feedbacks incr\u00edveis de todos os envolvidos.<\/p>\n<figure><img decoding=\"async\" width=\"1080\" height=\"1080\" src=\"https:\/\/rosana.kassamatsu.com.br\/mentoriark\/wp-content\/uploads\/2022\/11\/Erico.png\" alt=\"\" loading=\"lazy\" \/><\/figure>\n<h3>\u00c9rico Rocha<\/h3>\n<p><b>Empreendedor Digital | F\u00f3rmula de Lan\u00e7amento<\/b><\/p>\n<p>Masterclass com 7000 participantes. Suporte no credenciamento, equipe operacional com 80 pessoas volunt\u00e1rias, apoio nas din\u00e2micas e suporte aos participantes.<\/p>\n<figure><img decoding=\"async\" width=\"1067\" height=\"1036\" src=\"https:\/\/rosana.kassamatsu.com.br\/mentoriark\/wp-content\/uploads\/2022\/11\/Cliente-4-1.png\" alt=\"\" loading=\"lazy\" \/><\/figure>\n<h3>Joel Jota<\/h3>\n<p><b>Treinador de Alta Performace<\/b><\/p>\n<p>Um evento para 3.500 pessoas produzido em<br \/>\n3 semanas, com time engajado a lutar contra<br \/>\no tempo na prepara\u00e7\u00e3o de documenta\u00e7\u00e3o e capta\u00e7\u00e3o de fornecedores, com objetivo de atender \u00e0s demandas urgentes sem perder<br \/>\no melhor custo benef\u00edcio.\n<\/p>\n<figure><img decoding=\"async\" width=\"1080\" height=\"1028\" src=\"https:\/\/rosana.kassamatsu.com.br\/mentoriark\/wp-content\/uploads\/2022\/11\/Cliente-2.png\" alt=\"\" loading=\"lazy\" \/><\/figure>\n<h3>Conrado Adolpho<\/h3>\n<p><b>fundador da Webliv | Autor do livro M\u00e9todo 8Ps | Especialista em Marketing Digital<\/b><\/p>\n<p>Saiu de um p\u00fablico de 350 pessoas para 3000 com o apoio e gest\u00e3o de pessoas que atuavam na entrega operacional do evento.<\/p>\n<figure><img decoding=\"async\" width=\"1079\" height=\"1035\" src=\"https:\/\/rosana.kassamatsu.com.br\/mentoriark\/wp-content\/uploads\/2022\/11\/cliente-1.png\" alt=\"\" loading=\"lazy\" \/><\/figure>\n<h3>Michael Arruda<\/h3>\n<p><b>Presidente OMNI Hypnosis Training Center no Brasil | Autor do beste seller &#8220;Desbloqueie o Poder da sua Mente<\/b><\/p>\n<p>Aplica\u00e7\u00e3o de din\u00e2micas para proporcionar experi\u00eancias impactantes e causar transforma\u00e7\u00f5es ainda mais marcantes.\n<\/p>\n<h2>Fa\u00e7a sua aplica\u00e7\u00e3o agora!<\/h2>\n<style>\/*! elementor - v3.8.0 - 30-10-2022 *\/\nbody.elementor-page .elementor-widget-menu-anchor{margin-bottom:0}<\/style>\n<h2>Lorem Ipsum is simply dummy text of the printing and typesetting industry.<\/h2>\n<h2>Lorem Ipsum has been the industry&#8217;s standard dummy text ever since the 1500s, when an unknown printer took a galley of type and scrambled it to make a type specimen book. It has survived not only five centuries, but also the leap into electronic typesetting, remaining essentially unchanged. <\/h2>\n<p>\t\t\t<a href=\"http:\/\/cutt.ly\/mentoria_avancada_RK\" target=\"_blank\" role=\"button\" rel=\"noopener\"><br \/>\n\t\t\t\t\t\tAplicar agora!<br \/>\n\t\t\t\t\t<\/a><\/p>\n<h2>D\u00favidas frequentes:<\/h2>\n<style>\/*! elementor - v3.8.0 - 30-10-2022 *\/\n.elementor-toggle{text-align:left}.elementor-toggle .elementor-tab-title{font-weight:700;line-height:1;margin:0;padding:15px;border-bottom:1px solid #d4d4d4;cursor:pointer;outline:none}.elementor-toggle .elementor-tab-title .elementor-toggle-icon{display:inline-block;width:1em}.elementor-toggle .elementor-tab-title .elementor-toggle-icon svg{-webkit-margin-start:-5px;margin-inline-start:-5px;width:1em;height:1em}.elementor-toggle .elementor-tab-title .elementor-toggle-icon.elementor-toggle-icon-right{float:right;text-align:right}.elementor-toggle .elementor-tab-title .elementor-toggle-icon.elementor-toggle-icon-left{float:left;text-align:left}.elementor-toggle .elementor-tab-title .elementor-toggle-icon .elementor-toggle-icon-closed{display:block}.elementor-toggle .elementor-tab-title .elementor-toggle-icon .elementor-toggle-icon-opened{display:none}.elementor-toggle .elementor-tab-title.elementor-active{border-bottom:none}.elementor-toggle .elementor-tab-title.elementor-active .elementor-toggle-icon-closed{display:none}.elementor-toggle .elementor-tab-title.elementor-active .elementor-toggle-icon-opened{display:block}.elementor-toggle .elementor-tab-content{padding:15px;border-bottom:1px solid #d4d4d4;display:none}@media (max-width:767px){.elementor-toggle .elementor-tab-title{padding:12px}.elementor-toggle .elementor-tab-content{padding:12px 10px}}.e-con-inner>.elementor-widget-toggle,.e-con>.elementor-widget-toggle{width:var(--container-widget-width,100%)}<\/style>\n<p>\t\t\t\t\t\t\t\t\t\t\t\t<a href=\"\">Lorem ipsum dolor sit amet, consectetur adipiscing elit?<\/a><br \/>\n\t\t\t\t\tLorem ipsum dolor sit amet, consectetur adipiscing elit. Ut elit tellus, luctus nec ullamcorper mattis, pulvinar dapibus leo.<br \/>\n\t\t\t\t\t\t\t\t\t\t\t\t<a href=\"\">Lorem ipsum dolor sit amet, consectetur adipiscing elit?<\/a><br \/>\n\t\t\t\t\tLorem ipsum dolor sit amet, consectetur adipiscing elit. Ut elit tellus, luctus nec ullamcorper mattis, pulvinar dapibus leo.<br \/>\n\t\t\t\t\t\t\t\t\t\t\t\t<a href=\"\">Lorem ipsum dolor sit amet, consectetur adipiscing elit?<\/a><\/p>\n<p>Lorem Ipsum has been the industry&#8217;s standard dummy text ever since the 1500s, when an unknown printer took a galley of type and scrambled it to make a type specimen book. It has survived not only five centuries, but also the leap into electronic typesetting, remaining essentially unchanged.<\/p>\n<p>\t\t\t\t\t\t\t\t\t\t\t\t<a href=\"\">Lorem ipsum dolor sit amet, consectetur adipiscing elit?<\/a><\/p>\n<p>Lorem Ipsum has been the industry&#8217;s standard dummy text ever since the 1500s, when an unknown printer took a galley of type and scrambled it to make a type specimen book. It has survived not only five centuries, but also the leap into electronic typesetting, remaining essentially unchanged.<\/p>\n<p>\t\t\t\t\t\t\t\t\t\t\t\t<a href=\"\">Lorem ipsum dolor sit amet, consectetur adipiscing elit?<\/a><\/p>\n<p>Lorem Ipsum has been the industry&#8217;s standard dummy text ever since the 1500s, when an unknown printer took a galley of type and scrambled it to make a type specimen book. It has survived not only five centuries, but also the leap into electronic typesetting, remaining essentially unchanged.<\/p>\n","protected":false},"excerpt":{"rendered":"<p>RK Mentoria Avan\u00e7ada Juntos vamos construir eventos que tragam lucro, constroem sua autoridade atrav\u00e9s de experi\u00eancias marcantes e conte\u00fados memor\u00e1veis. Saiba mais! O que \u00e9 a RK Mentoria Avan\u00e7ada? A primeira coisa que voc\u00ea precisa saber \u00e9: A RK Mentoria Avan\u00e7ada n\u00e3o \u00e9 um curso! \u00c9 como se eu fosse sua s\u00f3cia, s\u00f3 que a [&hellip;]<\/p>\n","protected":false},"author":2,"featured_media":0,"parent":0,"menu_order":0,"comment_status":"closed","ping_status":"closed","template":"elementor_canvas","meta":{"footnotes":""},"class_list":["post-8","page","type-page","status-publish","hentry"],"_links":{"self":[{"href":"https:\/\/rosana.kassamatsu.com.br\/mentoriark\/wp-json\/wp\/v2\/pages\/8","targetHints":{"allow":["GET"]}}],"collection":[{"href":"https:\/\/rosana.kassamatsu.com.br\/mentoriark\/wp-json\/wp\/v2\/pages"}],"about":[{"href":"https:\/\/rosana.kassamatsu.com.br\/mentoriark\/wp-json\/wp\/v2\/types\/page"}],"author":[{"embeddable":true,"href":"https:\/\/rosana.kassamatsu.com.br\/mentoriark\/wp-json\/wp\/v2\/users\/2"}],"replies":[{"embeddable":true,"href":"https:\/\/rosana.kassamatsu.com.br\/mentoriark\/wp-json\/wp\/v2\/comments?post=8"}],"version-history":[{"count":105,"href":"https:\/\/rosana.kassamatsu.com.br\/mentoriark\/wp-json\/wp\/v2\/pages\/8\/revisions"}],"predecessor-version":[{"id":163,"href":"https:\/\/rosana.kassamatsu.com.br\/mentoriark\/wp-json\/wp\/v2\/pages\/8\/revisions\/163"}],"wp:attachment":[{"href":"https:\/\/rosana.kassamatsu.com.br\/mentoriark\/wp-json\/wp\/v2\/media?parent=8"}],"curies":[{"name":"wp","href":"https:\/\/api.w.org\/{rel}","templated":true}]}}